{"id":60,"date":"2017-11-16T20:39:07","date_gmt":"2017-11-16T19:39:07","guid":{"rendered":"http:\/\/www.bimforum.pl\/?page_id=60"},"modified":"2018-05-10T19:10:19","modified_gmt":"2018-05-10T17:10:19","slug":"dla-wykonawcow","status":"publish","type":"page","link":"http:\/\/www.bimforum.pl\/index.php\/dla-wykonawcow\/","title":{"rendered":"Dla Wykonawc\u00f3w"},"content":{"rendered":"<p>Podstwowym narz\u0119dziem pracy Wykonawcy jest model 4D, kt\u00f3ry powstaje z po\u0142\u0105czenia modelu 3D z harmonogramem.<\/p>\n<p>Model 4D pozwala na:<\/p>\n<ul>\n<li>Wizualn\u0105 prezentacja harmonogramu<\/li>\n<li>Kalrowny, logiczny i wizualny spos\u00f3b przedstawienia metodologii prac<\/li>\n<li>Mo\u017cliwo\u015b\u0107 raportowania stanu faktycznego w nawi\u0105zaniu do planowanego przerobu<\/li>\n<li>Wizualna analiza modelu pozwala na optymalizacje prac oraz wyb\u00f3r najbardziej logicznej sekwencji realizacji projektu<\/li>\n<li>Mo\u017cliwo\u015b\u0107 podkre\u015blenia kluczowych warunk\u00f3w dla terminowej realizacji prac \u2013 takich jak przekazanie terenu, prace wst\u0119pne itp.<\/li>\n<li>Mo\u017cliwo\u015b\u0107 przedstawienia logistyki, dojazd\u00f3w, okre\u015blenie ewentualnej uci\u0105\u017cliwo\u015bci i mo\u017cliwych \u015brodk\u00f3w zaradczych<\/li>\n<li>Model mo\u017ce by\u0107 wykorzystywany podczasz szkole\u0144 BHP dla pracownik\u00f3w w celu dok\u0142adnego om\u00f3wienia ryzyk zwi\u0105zanych z wykonywaniem inwestycji<\/li>\n<li>Model mo\u017ce by\u0107 wykorzystany przy zapytaniach ofertowych do podwykonawc\u00f3w w celu precyzyjnego okre\u015blenia zar\u00f3wno zada\u0144 jak i otaczaj\u0105cych warunk\u00f3w, w celu precyzyjnieszego okre\u015blenia przedmiotu zam\u00f3wienia<\/li>\n<\/ul>\n<p><!--more--><\/p>\n<p>&nbsp;<\/p>\n","protected":false},"excerpt":{"rendered":"<p>Podstwowym narz\u0119dziem pracy Wykonawcy jest model 4D, kt\u00f3ry powstaje z po\u0142\u0105czenia modelu 3D z harmonogramem. Model 4D pozwala na: Wizualn\u0105 prezentacja harmonogramu Kalrowny, logiczny i wizualny spos\u00f3b przedstawienia metodologii prac Mo\u017cliwo\u015b\u0107 raportowania stanu faktycznego w nawi\u0105zaniu do planowanego przerobu Wizualna analiza modelu pozwala na optymalizacje prac oraz wyb\u00f3r najbardziej logicznej sekwencji realizacji projektu Mo\u017cliwo\u015b\u0107 podkre\u015blenia &hellip; <\/p>\n<p class=\"link-more\"><a href=\"http:\/\/www.bimforum.pl\/index.php\/dla-wykonawcow\/\" class=\"more-link\">Czytaj dalej<span class=\"screen-reader-text\"> Dla Wykonawc\u00f3w<\/span><\/a><\/p>\n","protected":false},"author":1,"featured_media":63,"parent":0,"menu_order":0,"comment_status":"closed","ping_status":"closed","template":"","meta":{"footnotes":""},"class_list":["post-60","page","type-page","status-publish","has-post-thumbnail","hentry"],"_links":{"self":[{"href":"http:\/\/www.bimforum.pl\/index.php\/wp-json\/wp\/v2\/pages\/60","targetHints":{"allow":["GET"]}}],"collection":[{"href":"http:\/\/www.bimforum.pl\/index.php\/wp-json\/wp\/v2\/pages"}],"about":[{"href":"http:\/\/www.bimforum.pl\/index.php\/wp-json\/wp\/v2\/types\/page"}],"author":[{"embeddable":true,"href":"http:\/\/www.bimforum.pl\/index.php\/wp-json\/wp\/v2\/users\/1"}],"replies":[{"embeddable":true,"href":"http:\/\/www.bimforum.pl\/index.php\/wp-json\/wp\/v2\/comments?post=60"}],"version-history":[{"count":6,"href":"http:\/\/www.bimforum.pl\/index.php\/wp-json\/wp\/v2\/pages\/60\/revisions"}],"predecessor-version":[{"id":121,"href":"http:\/\/www.bimforum.pl\/index.php\/wp-json\/wp\/v2\/pages\/60\/revisions\/121"}],"wp:featuredmedia":[{"embeddable":true,"href":"http:\/\/www.bimforum.pl\/index.php\/wp-json\/wp\/v2\/media\/63"}],"wp:attachment":[{"href":"http:\/\/www.bimforum.pl\/index.php\/wp-json\/wp\/v2\/media?parent=60"}],"curies":[{"name":"wp","href":"https:\/\/api.w.org\/{rel}","templated":true}]}}