{"id":11,"date":"2017-10-31T12:46:14","date_gmt":"2017-10-31T11:46:14","guid":{"rendered":"http:\/\/www.bim.sereda.pl\/?page_id=11"},"modified":"2017-12-14T10:31:35","modified_gmt":"2017-12-14T09:31:35","slug":"sekcja-strony-glownej","status":"publish","type":"page","link":"http:\/\/www.bimforum.pl\/index.php\/sekcja-strony-glownej\/","title":{"rendered":"Dla Inwestor\u00f3w i Projektant\u00f3w"},"content":{"rendered":"<p>Mnogo\u015b\u0107 rozwi\u0105za\u0144 technologicznych sprawia, \u017ce do Inwestora nale\u017cy wiod\u0105ca rola w okre\u015bleniu wymaga\u0144 odno\u015bnie modelu BIM.<\/p>\n<p>Podczas etapu przygotowywania przetargu Inwestor powinien stworzy\u0107 dokument zawieraj\u0105cy jego wymagania odno\u015bnie zbierania, tworzenia, udost\u0119pnienia oraz wykorzystania informacji (EIR ang. Employer&#8217;s Information Requirements ). \u00a0Naszym zadaniem, b\u0119dzie pomoc Pa\u0144stwu w opracowaniu tego dokumentu na podstawie zar\u00f3wno Waszych wymaga\u0144 jak i mo\u017cliwo\u015bci \u0142a\u0144cucha dostaw.<\/p>\n<p>Dokument ten b\u0119dzie zawiera\u0142 podstawowe informacje o projekcie, zakresie prac do wykonania, g\u0142\u00f3wne za\u0142o\u017cenia harmonogramu, wymagania odno\u015bnie poziom\u00f3w dok\u0142adno\u015bci element\u00f3w modelu dla poszczeg\u00f3lnych etap\u00f3w realizacji, wymagania odno\u015bnie kompetencji uczestnik\u00f3w procesu modelowania, planowanie pracy i segregacja danych, koordynacja informacji mi\u0119dzybran\u017cowych, za\u0142o\u017cenia procesu kolaboracji, zasady bezpiecze\u0144stwa i dost\u0119pu do informacji, \u00a0rodzaje oprogramowania, dane wymagane do zarz\u0105dzanie obiektem etc.<\/p>\n<p>Naszym zadaniem b\u0119dzie r\u00f3wnie\u017c pomoc w opracowaniu Planu Realizacji BIM (BIM Execuction Plan), kt\u00f3ry b\u0119dzie zawiera\u0142 nast\u0119puj\u0105ce informacje:<\/p>\n<ul>\n<li>Dane Projektu i zakres prac<\/li>\n<li>Uczestnicy procesu i ich zakres prac oraz odpowiedzialno\u015bci<\/li>\n<li>Zbi\u00f3r modelowanych informacji wymaganych przez Dokumenty Kontraktowe<\/li>\n<li>Etapowanie prac i segregacja danych<\/li>\n<li>Koordynowanie informacji mi\u0119dzy bran\u017cowych \/ zasady wsp\u00f3\u0142pracy pomi\u0119dzy uczestnikami procesu<\/li>\n<li>G\u0142\u00f3wne za\u0142o\u017cenia harmonogramu \/ kamienie milowe<\/li>\n<li>Konwencje nazewnictwa danych (pliki, warstwy, obiekty, rysunki)<\/li>\n<li>Cele stosowania modelu BIM<\/li>\n<li>Wsp\u00f3lne srodowisko danych<\/li>\n<li>Standardy Projektu<\/li>\n<li>Obj\u0119to\u015bci danych<\/li>\n<li>Za\u0142o\u017cone \u00a0tolerancje modelowe<\/li>\n<li>W\u0142a\u015bciwo\u015bci danych obiektowych<\/li>\n<li>Poziom dok\u0142adno\u015bci definicji element\u00f3w<\/li>\n<li>Oprogramowanie i standardy wymiany informacji uczestnik\u00f3w procesu<\/li>\n<\/ul>\n","protected":false},"excerpt":{"rendered":"<p>Mnogo\u015b\u0107 rozwi\u0105za\u0144 technologicznych sprawia, \u017ce do Inwestora nale\u017cy wiod\u0105ca rola w okre\u015bleniu wymaga\u0144 odno\u015bnie modelu BIM. Podczas etapu przygotowywania przetargu Inwestor powinien stworzy\u0107 dokument zawieraj\u0105cy jego wymagania odno\u015bnie zbierania, tworzenia, udost\u0119pnienia oraz wykorzystania informacji (EIR ang. Employer&#8217;s Information Requirements ). \u00a0Naszym zadaniem, b\u0119dzie pomoc Pa\u0144stwu w opracowaniu tego dokumentu na podstawie zar\u00f3wno Waszych wymaga\u0144 jak &hellip; <\/p>\n<p class=\"link-more\"><a href=\"http:\/\/www.bimforum.pl\/index.php\/sekcja-strony-glownej\/\" class=\"more-link\">Czytaj dalej<span class=\"screen-reader-text\"> Dla Inwestor\u00f3w i Projektant\u00f3w<\/span><\/a><\/p>\n","protected":false},"author":1,"featured_media":31,"parent":0,"menu_order":0,"comment_status":"closed","ping_status":"closed","template":"","meta":{"footnotes":""},"class_list":["post-11","page","type-page","status-publish","has-post-thumbnail","hentry"],"_links":{"self":[{"href":"http:\/\/www.bimforum.pl\/index.php\/wp-json\/wp\/v2\/pages\/11","targetHints":{"allow":["GET"]}}],"collection":[{"href":"http:\/\/www.bimforum.pl\/index.php\/wp-json\/wp\/v2\/pages"}],"about":[{"href":"http:\/\/www.bimforum.pl\/index.php\/wp-json\/wp\/v2\/types\/page"}],"author":[{"embeddable":true,"href":"http:\/\/www.bimforum.pl\/index.php\/wp-json\/wp\/v2\/users\/1"}],"replies":[{"embeddable":true,"href":"http:\/\/www.bimforum.pl\/index.php\/wp-json\/wp\/v2\/comments?post=11"}],"version-history":[{"count":8,"href":"http:\/\/www.bimforum.pl\/index.php\/wp-json\/wp\/v2\/pages\/11\/revisions"}],"predecessor-version":[{"id":93,"href":"http:\/\/www.bimforum.pl\/index.php\/wp-json\/wp\/v2\/pages\/11\/revisions\/93"}],"wp:featuredmedia":[{"embeddable":true,"href":"http:\/\/www.bimforum.pl\/index.php\/wp-json\/wp\/v2\/media\/31"}],"wp:attachment":[{"href":"http:\/\/www.bimforum.pl\/index.php\/wp-json\/wp\/v2\/media?parent=11"}],"curies":[{"name":"wp","href":"https:\/\/api.w.org\/{rel}","templated":true}]}}